


{"id":236,"date":"2016-06-14T16:00:46","date_gmt":"2016-06-14T15:00:46","guid":{"rendered":"http:\/\/site.rhse.at\/?page_id=236"},"modified":"2016-06-14T16:00:46","modified_gmt":"2016-06-14T15:00:46","slug":"unternehmen","status":"publish","type":"page","link":"https:\/\/site.rhse.at\/?page_id=236","title":{"rendered":"Unternehmen"},"content":{"rendered":"<p>Das Unternehmen wurde 2006 gegr\u00fcndet und feiert 2016 sein 10 j\u00e4hriges bestehen.<br \/>\nDabei blicken wir auf viele erfolgreiche <a href=\"http:\/\/site.rhse.at\/?page_id=5\">Projekte<\/a>\u00a0und zufriedene <a href=\"http:\/\/site.rhse.at\/?page_id=5\">Kunden<\/a> zur\u00fcck.<\/p>\n<p>Im September 2006 gr\u00fcndete\u00a0Ing. Ren\u00e9 Huber das Unternehmen, wobei er bereits 7 Jahre lang seine Skills als Senior Developer bei der Firma Softmax erfolgreich einsetzen konnte.<\/p>\n<p>Heute leitet er das Unternehmen, gemeinsam mit einem Team aus Entwicklern, Server- und Betriebsexperten.<\/p>\n<p>Das Unternehmen spezialisierte sich dabei zunehmend auf Web-Anwendungen und Individuall\u00f6sungen f\u00fcr KMU, welche ma\u00dfgeschneidert f\u00fcr die Kunden entwickelt wurden.<\/p>\n","protected":false},"excerpt":{"rendered":"<p>Das Unternehmen wurde 2006 gegr\u00fcndet und feiert 2016 sein 10 j\u00e4hriges bestehen. Dabei blicken wir auf viele erfolgreiche Projekte\u00a0und zufriedene Kunden zur\u00fcck. Im September 2006 gr\u00fcndete\u00a0Ing. Ren\u00e9 Huber das Unternehmen, wobei er bereits 7 Jahre lang seine Skills als Senior Developer bei der Firma Softmax erfolgreich einsetzen konnte. Heute leitet er das Unternehmen, gemeinsam mit [&hellip;]<\/p>\n","protected":false},"author":1,"featured_media":0,"parent":0,"menu_order":0,"comment_status":"closed","ping_status":"closed","template":"","meta":{"ngg_post_thumbnail":0,"footnotes":""},"class_list":["post-236","page","type-page","status-publish","hentry"],"_links":{"self":[{"href":"https:\/\/site.rhse.at\/index.php?rest_route=\/wp\/v2\/pages\/236","targetHints":{"allow":["GET"]}}],"collection":[{"href":"https:\/\/site.rhse.at\/index.php?rest_route=\/wp\/v2\/pages"}],"about":[{"href":"https:\/\/site.rhse.at\/index.php?rest_route=\/wp\/v2\/types\/page"}],"author":[{"embeddable":true,"href":"https:\/\/site.rhse.at\/index.php?rest_route=\/wp\/v2\/users\/1"}],"replies":[{"embeddable":true,"href":"https:\/\/site.rhse.at\/index.php?rest_route=%2Fwp%2Fv2%2Fcomments&post=236"}],"version-history":[{"count":1,"href":"https:\/\/site.rhse.at\/index.php?rest_route=\/wp\/v2\/pages\/236\/revisions"}],"predecessor-version":[{"id":237,"href":"https:\/\/site.rhse.at\/index.php?rest_route=\/wp\/v2\/pages\/236\/revisions\/237"}],"wp:attachment":[{"href":"https:\/\/site.rhse.at\/index.php?rest_route=%2Fwp%2Fv2%2Fmedia&parent=236"}],"curies":[{"name":"wp","href":"https:\/\/api.w.org\/{rel}","templated":true}]}}