


{"id":48,"date":"2009-11-17T23:14:38","date_gmt":"2009-11-17T22:14:38","guid":{"rendered":"http:\/\/cms.rhse.at\/?page_id=48"},"modified":"2025-10-07T13:20:09","modified_gmt":"2025-10-07T12:20:09","slug":"kontakt-agb","status":"publish","type":"page","link":"https:\/\/site.rhse.at\/?page_id=48","title":{"rendered":"Kontakt &#038; AGB"},"content":{"rendered":"<p>Wir freuen uns auf ein pers\u00f6nliches Gespr\u00e4ch mit Ihnen.<br \/>Bitte vereinbaren Sie telefonisch oder per Mail einen&nbsp;Termin, damit wir uns ganz f\u00fcr Sie Zeit nehmen k\u00f6nnen.<\/p>\n<p><strong>Anschrift<br \/><\/strong>Rechte Wienzeile 229\/3\/43<br \/>A-1120 Wien<\/p>\n<p>Tel.: 0676 \/ 42 888 07<br \/>E-Mail: <a href=\"mailto:office@rhse.at\">office@rhse.at<\/a><br \/>Web: <a href=\"http:\/\/www.rhse.at\">www.rhse.at<\/a><\/p>\n<p><strong>Inhaber<br \/><\/strong>Ing. Ren\u00e9 Huber<\/p>\n<p><strong>Umsatzsteuer Identifikationsnummer<br \/><\/strong>ATU 63713903<\/p>\n<p><a href=\"http:\/\/www.rhse.at\/agb\" target=\"_blank\" rel=\"noopener noreferrer\"><strong>Allgemeine Gesch\u00e4ftsbedingungen<\/strong><\/a><\/p>\n\n\n<p><\/p>\n","protected":false},"excerpt":{"rendered":"<p>Wir freuen uns auf ein pers\u00f6nliches Gespr\u00e4ch mit Ihnen.Bitte vereinbaren Sie telefonisch oder per Mail einen&nbsp;Termin, damit wir uns ganz f\u00fcr Sie Zeit nehmen k\u00f6nnen. AnschriftRechte Wienzeile 229\/3\/43A-1120 Wien Tel.: 0676 \/ 42 888 07E-Mail: office@rhse.atWeb: www.rhse.at InhaberIng. Ren\u00e9 Huber Umsatzsteuer IdentifikationsnummerATU 63713903 Allgemeine Gesch\u00e4ftsbedingungen<\/p>\n","protected":false},"author":1,"featured_media":0,"parent":0,"menu_order":0,"comment_status":"closed","ping_status":"closed","template":"","meta":{"ngg_post_thumbnail":0,"footnotes":""},"class_list":["post-48","page","type-page","status-publish","hentry"],"_links":{"self":[{"href":"https:\/\/site.rhse.at\/index.php?rest_route=\/wp\/v2\/pages\/48","targetHints":{"allow":["GET"]}}],"collection":[{"href":"https:\/\/site.rhse.at\/index.php?rest_route=\/wp\/v2\/pages"}],"about":[{"href":"https:\/\/site.rhse.at\/index.php?rest_route=\/wp\/v2\/types\/page"}],"author":[{"embeddable":true,"href":"https:\/\/site.rhse.at\/index.php?rest_route=\/wp\/v2\/users\/1"}],"replies":[{"embeddable":true,"href":"https:\/\/site.rhse.at\/index.php?rest_route=%2Fwp%2Fv2%2Fcomments&post=48"}],"version-history":[{"count":20,"href":"https:\/\/site.rhse.at\/index.php?rest_route=\/wp\/v2\/pages\/48\/revisions"}],"predecessor-version":[{"id":262,"href":"https:\/\/site.rhse.at\/index.php?rest_route=\/wp\/v2\/pages\/48\/revisions\/262"}],"wp:attachment":[{"href":"https:\/\/site.rhse.at\/index.php?rest_route=%2Fwp%2Fv2%2Fmedia&parent=48"}],"curies":[{"name":"wp","href":"https:\/\/api.w.org\/{rel}","templated":true}]}}